{"id":115,"date":"2026-01-17T21:07:38","date_gmt":"2026-01-17T21:07:38","guid":{"rendered":"https:\/\/berfin-und-besmir.ch\/kryefaqja\/"},"modified":"2026-01-20T20:33:37","modified_gmt":"2026-01-20T20:33:37","slug":"kryefaqja","status":"publish","type":"page","link":"https:\/\/berfin-und-besmir.ch\/sq\/kryefaqja\/","title":{"rendered":"Kryefaqja"},"content":{"rendered":"\t\t<div data-elementor-type=\"wp-page\" data-elementor-id=\"115\" class=\"elementor elementor-115 elementor-25\" data-elementor-post-type=\"page\">\n\t\t\t\t<div class=\"elementor-element elementor-element-473c91a e-flex e-con-boxed e-con e-parent\" data-id=\"473c91a\" data-element_type=\"container\" data-e-type=\"container\">\n\t\t\t\t\t<div class=\"e-con-inner\">\n\t\t\t\t<div class=\"elementor-element elementor-element-419f6cb elementor-widget elementor-widget-heading\" data-id=\"419f6cb\" data-element_type=\"widget\" data-e-type=\"widget\" data-widget_type=\"heading.default\">\n\t\t\t\t\t<h2 class=\"elementor-heading-title elementor-size-default\">Berfin &amp; Besmir 06.06.2026<\/h2>\t\t\t\t<\/div>\n\t\t<div class=\"elementor-element elementor-element-8873bf8 e-con-full e-flex e-con e-child\" data-id=\"8873bf8\" data-element_type=\"container\" data-e-type=\"container\">\n\t\t\t\t<div class=\"elementor-element elementor-element-2278969 elementor-widget elementor-widget-heading\" data-id=\"2278969\" data-element_type=\"widget\" data-e-type=\"widget\" data-widget_type=\"heading.default\">\n\t\t\t\t\t<h2 class=\"elementor-heading-title elementor-size-default\">Po martohemi \u2013 dhe ti je i ftuar!<\/h2>\t\t\t\t<\/div>\n\t\t\t\t<div class=\"elementor-element elementor-element-4ea30d3 elementor-widget elementor-widget-text-editor\" data-id=\"4ea30d3\" data-element_type=\"widget\" data-e-type=\"widget\" data-widget_type=\"text-editor.default\">\n\t\t\t\t\t\t\t\t\t<p>Q\u00eb t\u00eb mund t\u00eb planifikojm\u00eb m\u00eb mir\u00eb, ju lutemi ta plot\u00ebsoni regjistrimin e m\u00ebposht\u00ebm deri m\u00eb 30.04.2026.<\/p>\t\t\t\t\t\t\t\t<\/div>\n\t\t\t\t<div class=\"elementor-element elementor-element-0f5199f elementor-countdown--label-block elementor-widget elementor-widget-countdown\" data-id=\"0f5199f\" data-element_type=\"widget\" data-e-type=\"widget\" data-widget_type=\"countdown.default\">\n\t\t\t\t\t\t\t<div class=\"elementor-countdown-wrapper\" data-date=\"1780781760\">\n\t\t\t<div class=\"elementor-countdown-item\"><span class=\"elementor-countdown-digits elementor-countdown-days\"><\/span> <span class=\"elementor-countdown-label\">Tage<\/span><\/div><div class=\"elementor-countdown-item\"><span class=\"elementor-countdown-digits elementor-countdown-hours\"><\/span> <span class=\"elementor-countdown-label\">Stunden<\/span><\/div>\t\t<\/div>\n\t\t\t\t\t\t<\/div>\n\t\t\t\t<\/div>\n\t\t<div class=\"elementor-element elementor-element-4bcbbc1 e-con-full e-flex e-con e-child\" data-id=\"4bcbbc1\" data-element_type=\"container\" data-e-type=\"container\">\n\t\t\t\t<div class=\"elementor-element elementor-element-aa09348 elementor-widget elementor-widget-wpforms\" data-id=\"aa09348\" data-element_type=\"widget\" data-e-type=\"widget\" data-widget_type=\"wpforms.default\">\n\t\t\t\t<div class=\"elementor-widget-container\">\n\t\t\t\t\t<style id=\"wpforms-css-vars-elementor-widget-aa09348\">\n\t\t\t\t.elementor-widget-wpforms.elementor-element-aa09348 {\n\t\t\t\t--wpforms-button-background-color: #FF0000;\n\t\t\t}\n\t\t\t<\/style><div class=\"wpforms-container wpforms-container-full wpforms-render-modern\" id=\"wpforms-32\"><form id=\"wpforms-form-32\" class=\"wpforms-validate wpforms-form wpforms-ajax-form\" data-formid=\"32\" method=\"post\" enctype=\"multipart\/form-data\" action=\"\/sq\/wp-json\/wp\/v2\/pages\/115\" data-token=\"2bcc7266d988eae1524a008ee5be85e8\" data-token-time=\"1776608146\"><noscript class=\"wpforms-error-noscript\">Please enable JavaScript in your browser to complete this form.<\/noscript><div id=\"wpforms-error-noscript\" style=\"display: none;\">Please enable JavaScript in your browser to complete this form.<\/div><div class=\"wpforms-field-container\"><div id=\"wpforms-32-field_32-container\" class=\"wpforms-field wpforms-field-checkbox wpforms-list-inline\" data-field-id=\"32\"><fieldset><legend class=\"wpforms-field-label\">A do t\u00eb vish n\u00eb dasm\u00eb?\n <span class=\"wpforms-required-label\" aria-hidden=\"true\">*<\/span><\/legend><ul id=\"wpforms-32-field_32\" class=\"wpforms-field-required\"><li class=\"choice-1 depth-1\"><input type=\"checkbox\" id=\"wpforms-32-field_32_1\" name=\"wpforms[fields][32][]\" value=\"Po\" aria-errormessage=\"wpforms-32-field_32_1-error\" required ><label class=\"wpforms-field-label-inline\" for=\"wpforms-32-field_32_1\">Po<\/label><\/li><li class=\"choice-2 depth-1\"><input type=\"checkbox\" id=\"wpforms-32-field_32_2\" name=\"wpforms[fields][32][]\" value=\"jo\" aria-errormessage=\"wpforms-32-field_32_2-error\" required ><label class=\"wpforms-field-label-inline\" for=\"wpforms-32-field_32_2\">jo<\/label><\/li><\/ul><\/fieldset><\/div><div id=\"wpforms-32-field_0-container\" class=\"wpforms-field wpforms-field-name\" data-field-id=\"0\"><fieldset><legend class=\"wpforms-field-label\">Emri <span class=\"wpforms-required-label\" aria-hidden=\"true\">*<\/span><\/legend><div class=\"wpforms-field-row wpforms-field-large\"><div class=\"wpforms-field-row-block wpforms-first wpforms-one-half\"><input type=\"text\" id=\"wpforms-32-field_0\" class=\"wpforms-field-name-first wpforms-field-required\" name=\"wpforms[fields][0][first]\" placeholder=\"Emri i par\u00eb\" aria-errormessage=\"wpforms-32-field_0-error\" required><label for=\"wpforms-32-field_0\" class=\"wpforms-field-sublabel after wpforms-sublabel-hide\">Emri i par\u00eb<\/label><\/div><div class=\"wpforms-field-row-block wpforms-one-half\"><input type=\"text\" id=\"wpforms-32-field_0-last\" class=\"wpforms-field-name-last wpforms-field-required\" name=\"wpforms[fields][0][last]\" placeholder=\"Mbiemri\" aria-errormessage=\"wpforms-32-field_0-last-error\" required><label for=\"wpforms-32-field_0-last\" class=\"wpforms-field-sublabel after wpforms-sublabel-hide\">Nachname<\/label><\/div><\/div><\/fieldset><\/div>\t\t<div id=\"wpforms-32-field_1-container\"\n\t\t\tclass=\"wpforms-field wpforms-field-text\"\n\t\t\tdata-field-type=\"text\"\n\t\t\tdata-field-id=\"1\"\n\t\t\t>\n\t\t\t<label class=\"wpforms-field-label\" for=\"wpforms-32-field_1\" >Zus\u00e4tzliche m\u00eb Personen<\/label>\n\t\t\t<input type=\"text\" id=\"wpforms-32-field_1\" class=\"wpforms-field-medium\" name=\"wpforms[fields][1]\" >\n\t\t<\/div>\n\t\t<div id=\"wpforms-32-field_8-container\" class=\"wpforms-field wpforms-field-phone\" data-field-id=\"8\"><label class=\"wpforms-field-label\" for=\"wpforms-32-field_8\">Numri i telefonit<\/label><input type=\"tel\" id=\"wpforms-32-field_8\" class=\"wpforms-field-large wpforms-smart-phone-field\" data-rule-smart-phone-field=\"true\" name=\"wpforms[fields][8]\" aria-label=\"Numri i telefonit\" aria-errormessage=\"wpforms-32-field_8-error\" ><\/div><div id=\"wpforms-32-field_9-container\" class=\"wpforms-field wpforms-field-number wpforms-conditional-trigger\" data-field-id=\"9\"><label class=\"wpforms-field-label\" for=\"wpforms-32-field_9\">Shto m\u00eb shum\u00eb njer\u00ebz<\/label><input type=\"number\" id=\"wpforms-32-field_9\" class=\"wpforms-field-small\" name=\"wpforms[fields][9]\" placeholder=\"Ju lutemi specifikoni numrin e njer\u00ebzve\" step=\"any\" aria-errormessage=\"wpforms-32-field_9-error\" ><\/div><div id=\"wpforms-32-field_31-container\" class=\"wpforms-field wpforms-field-content wpforms-conditional-field wpforms-conditional-show\" data-field-id=\"31\" style=\"display:none;\"><div id=\"wpforms-32-field_31\" class=\"wpforms-field-medium wpforms-field-row\" aria-errormessage=\"wpforms-32-field_31-error\"><p>Bitte ruf mich an<\/p>\n<p><a href=\"tel:+41787056373\">+41787056373<\/a><\/p>\n<div class=\"wpforms-field-content-display-frontend-clear\"><\/div><\/div><\/div><div id=\"wpforms-32-field_6-container\" class=\"wpforms-field wpforms-field-name wpforms-conditional-field wpforms-conditional-show\" data-field-id=\"6\" style=\"display:none;\"><fieldset><legend class=\"wpforms-field-label\">Zus\u00e4tzliche Personen <span class=\"wpforms-required-label\" aria-hidden=\"true\">*<\/span><\/legend><div class=\"wpforms-field-row wpforms-field-large\"><div class=\"wpforms-field-row-block wpforms-first wpforms-one-half\"><input type=\"text\" id=\"wpforms-32-field_6\" class=\"wpforms-field-name-first wpforms-field-required\" name=\"wpforms[fields][6][first]\" aria-errormessage=\"wpforms-32-field_6-error\" required><label for=\"wpforms-32-field_6\" class=\"wpforms-field-sublabel after\">Emri i par\u00eb<\/label><\/div><div class=\"wpforms-field-row-block wpforms-one-half\"><input type=\"text\" id=\"wpforms-32-field_6-last\" class=\"wpforms-field-name-last wpforms-field-required\" name=\"wpforms[fields][6][last]\" aria-errormessage=\"wpforms-32-field_6-last-error\" required><label for=\"wpforms-32-field_6-last\" class=\"wpforms-field-sublabel after\">Nachname<\/label><\/div><\/div><\/fieldset><\/div><div id=\"wpforms-32-field_19-container\" class=\"wpforms-field wpforms-field-name wpforms-conditional-field wpforms-conditional-show\" data-field-id=\"19\" style=\"display:none;\"><fieldset><legend class=\"wpforms-field-label\">Zus\u00e4tzliche Personen <span class=\"wpforms-required-label\" aria-hidden=\"true\">*<\/span><\/legend><div class=\"wpforms-field-row wpforms-field-large\"><div class=\"wpforms-field-row-block wpforms-first wpforms-one-half\"><input type=\"text\" id=\"wpforms-32-field_19\" class=\"wpforms-field-name-first wpforms-field-required\" name=\"wpforms[fields][19][first]\" aria-errormessage=\"wpforms-32-field_19-error\" required><label for=\"wpforms-32-field_19\" class=\"wpforms-field-sublabel after\">Emri i par\u00eb<\/label><\/div><div class=\"wpforms-field-row-block wpforms-one-half\"><input type=\"text\" id=\"wpforms-32-field_19-last\" class=\"wpforms-field-name-last wpforms-field-required\" name=\"wpforms[fields][19][last]\" aria-errormessage=\"wpforms-32-field_19-last-error\" required><label for=\"wpforms-32-field_19-last\" class=\"wpforms-field-sublabel after\">Nachname<\/label><\/div><\/div><\/fieldset><\/div><div id=\"wpforms-32-field_20-container\" class=\"wpforms-field wpforms-field-name wpforms-conditional-field wpforms-conditional-show\" data-field-id=\"20\" style=\"display:none;\"><fieldset><legend class=\"wpforms-field-label\">Zus\u00e4tzliche Personen <span class=\"wpforms-required-label\" aria-hidden=\"true\">*<\/span><\/legend><div class=\"wpforms-field-row wpforms-field-large\"><div class=\"wpforms-field-row-block wpforms-first wpforms-one-half\"><input type=\"text\" id=\"wpforms-32-field_20\" class=\"wpforms-field-name-first wpforms-field-required\" name=\"wpforms[fields][20][first]\" aria-errormessage=\"wpforms-32-field_20-error\" required><label for=\"wpforms-32-field_20\" class=\"wpforms-field-sublabel after\">Emri i par\u00eb<\/label><\/div><div class=\"wpforms-field-row-block wpforms-one-half\"><input type=\"text\" id=\"wpforms-32-field_20-last\" class=\"wpforms-field-name-last wpforms-field-required\" name=\"wpforms[fields][20][last]\" aria-errormessage=\"wpforms-32-field_20-last-error\" required><label for=\"wpforms-32-field_20-last\" class=\"wpforms-field-sublabel after\">Nachname<\/label><\/div><\/div><\/fieldset><\/div><div id=\"wpforms-32-field_21-container\" class=\"wpforms-field wpforms-field-name wpforms-conditional-field wpforms-conditional-show\" data-field-id=\"21\" style=\"display:none;\"><fieldset><legend class=\"wpforms-field-label\">Zus\u00e4tzliche Personen <span class=\"wpforms-required-label\" aria-hidden=\"true\">*<\/span><\/legend><div class=\"wpforms-field-row wpforms-field-large\"><div class=\"wpforms-field-row-block wpforms-first wpforms-one-half\"><input type=\"text\" id=\"wpforms-32-field_21\" class=\"wpforms-field-name-first wpforms-field-required\" name=\"wpforms[fields][21][first]\" aria-errormessage=\"wpforms-32-field_21-error\" required><label for=\"wpforms-32-field_21\" class=\"wpforms-field-sublabel after\">Emri i par\u00eb<\/label><\/div><div class=\"wpforms-field-row-block wpforms-one-half\"><input type=\"text\" id=\"wpforms-32-field_21-last\" class=\"wpforms-field-name-last wpforms-field-required\" name=\"wpforms[fields][21][last]\" aria-errormessage=\"wpforms-32-field_21-last-error\" required><label for=\"wpforms-32-field_21-last\" class=\"wpforms-field-sublabel after\">Nachname<\/label><\/div><\/div><\/fieldset><\/div><div id=\"wpforms-32-field_22-container\" class=\"wpforms-field wpforms-field-name wpforms-conditional-field wpforms-conditional-show\" data-field-id=\"22\" style=\"display:none;\"><fieldset><legend class=\"wpforms-field-label\">Zus\u00e4tzliche Personen <span class=\"wpforms-required-label\" aria-hidden=\"true\">*<\/span><\/legend><div class=\"wpforms-field-row wpforms-field-large\"><div class=\"wpforms-field-row-block wpforms-first wpforms-one-half\"><input type=\"text\" id=\"wpforms-32-field_22\" class=\"wpforms-field-name-first wpforms-field-required\" name=\"wpforms[fields][22][first]\" aria-errormessage=\"wpforms-32-field_22-error\" required><label for=\"wpforms-32-field_22\" class=\"wpforms-field-sublabel after\">Emri i par\u00eb<\/label><\/div><div class=\"wpforms-field-row-block wpforms-one-half\"><input type=\"text\" id=\"wpforms-32-field_22-last\" class=\"wpforms-field-name-last wpforms-field-required\" name=\"wpforms[fields][22][last]\" aria-errormessage=\"wpforms-32-field_22-last-error\" required><label for=\"wpforms-32-field_22-last\" class=\"wpforms-field-sublabel after\">Nachname<\/label><\/div><\/div><\/fieldset><\/div><div id=\"wpforms-32-field_23-container\" class=\"wpforms-field wpforms-field-name wpforms-conditional-field wpforms-conditional-show\" data-field-id=\"23\" style=\"display:none;\"><fieldset><legend class=\"wpforms-field-label\">Zus\u00e4tzliche Personen <span class=\"wpforms-required-label\" aria-hidden=\"true\">*<\/span><\/legend><div class=\"wpforms-field-row wpforms-field-large\"><div class=\"wpforms-field-row-block wpforms-first wpforms-one-half\"><input type=\"text\" id=\"wpforms-32-field_23\" class=\"wpforms-field-name-first wpforms-field-required\" name=\"wpforms[fields][23][first]\" aria-errormessage=\"wpforms-32-field_23-error\" required><label for=\"wpforms-32-field_23\" class=\"wpforms-field-sublabel after\">Emri i par\u00eb<\/label><\/div><div class=\"wpforms-field-row-block wpforms-one-half\"><input type=\"text\" id=\"wpforms-32-field_23-last\" class=\"wpforms-field-name-last wpforms-field-required\" name=\"wpforms[fields][23][last]\" aria-errormessage=\"wpforms-32-field_23-last-error\" required><label for=\"wpforms-32-field_23-last\" class=\"wpforms-field-sublabel after\">Nachname<\/label><\/div><\/div><\/fieldset><\/div><div id=\"wpforms-32-field_24-container\" class=\"wpforms-field wpforms-field-name wpforms-conditional-field wpforms-conditional-show\" data-field-id=\"24\" style=\"display:none;\"><fieldset><legend class=\"wpforms-field-label\">Zus\u00e4tzliche Personen <span class=\"wpforms-required-label\" aria-hidden=\"true\">*<\/span><\/legend><div class=\"wpforms-field-row wpforms-field-large\"><div class=\"wpforms-field-row-block wpforms-first wpforms-one-half\"><input type=\"text\" id=\"wpforms-32-field_24\" class=\"wpforms-field-name-first wpforms-field-required\" name=\"wpforms[fields][24][first]\" aria-errormessage=\"wpforms-32-field_24-error\" required><label for=\"wpforms-32-field_24\" class=\"wpforms-field-sublabel after\">Emri i par\u00eb<\/label><\/div><div class=\"wpforms-field-row-block wpforms-one-half\"><input type=\"text\" id=\"wpforms-32-field_24-last\" class=\"wpforms-field-name-last wpforms-field-required\" name=\"wpforms[fields][24][last]\" aria-errormessage=\"wpforms-32-field_24-last-error\" required><label for=\"wpforms-32-field_24-last\" class=\"wpforms-field-sublabel after\">Nachname<\/label><\/div><\/div><\/fieldset><\/div><div id=\"wpforms-32-field_25-container\" class=\"wpforms-field wpforms-field-name wpforms-conditional-field wpforms-conditional-show\" data-field-id=\"25\" style=\"display:none;\"><fieldset><legend class=\"wpforms-field-label\">Zus\u00e4tzliche Personen <span class=\"wpforms-required-label\" aria-hidden=\"true\">*<\/span><\/legend><div class=\"wpforms-field-row wpforms-field-large\"><div class=\"wpforms-field-row-block wpforms-first wpforms-one-half\"><input type=\"text\" id=\"wpforms-32-field_25\" class=\"wpforms-field-name-first wpforms-field-required\" name=\"wpforms[fields][25][first]\" aria-errormessage=\"wpforms-32-field_25-error\" required><label for=\"wpforms-32-field_25\" class=\"wpforms-field-sublabel after\">Emri i par\u00eb<\/label><\/div><div class=\"wpforms-field-row-block wpforms-one-half\"><input type=\"text\" id=\"wpforms-32-field_25-last\" class=\"wpforms-field-name-last wpforms-field-required\" name=\"wpforms[fields][25][last]\" aria-errormessage=\"wpforms-32-field_25-last-error\" required><label for=\"wpforms-32-field_25-last\" class=\"wpforms-field-sublabel after\">Nachname<\/label><\/div><\/div><\/fieldset><\/div><div id=\"wpforms-32-field_26-container\" class=\"wpforms-field wpforms-field-name wpforms-conditional-field wpforms-conditional-show\" data-field-id=\"26\" style=\"display:none;\"><fieldset><legend class=\"wpforms-field-label\">Zus\u00e4tzliche Personen <span class=\"wpforms-required-label\" aria-hidden=\"true\">*<\/span><\/legend><div class=\"wpforms-field-row wpforms-field-large\"><div class=\"wpforms-field-row-block wpforms-first wpforms-one-half\"><input type=\"text\" id=\"wpforms-32-field_26\" class=\"wpforms-field-name-first wpforms-field-required\" name=\"wpforms[fields][26][first]\" aria-errormessage=\"wpforms-32-field_26-error\" required><label for=\"wpforms-32-field_26\" class=\"wpforms-field-sublabel after\">Emri i par\u00eb<\/label><\/div><div class=\"wpforms-field-row-block wpforms-one-half\"><input type=\"text\" id=\"wpforms-32-field_26-last\" class=\"wpforms-field-name-last wpforms-field-required\" name=\"wpforms[fields][26][last]\" aria-errormessage=\"wpforms-32-field_26-last-error\" required><label for=\"wpforms-32-field_26-last\" class=\"wpforms-field-sublabel after\">Nachname<\/label><\/div><\/div><\/fieldset><\/div><div id=\"wpforms-32-field_27-container\" class=\"wpforms-field wpforms-field-name wpforms-conditional-field wpforms-conditional-show\" data-field-id=\"27\" style=\"display:none;\"><fieldset><legend class=\"wpforms-field-label\">Zus\u00e4tzliche Personen <span class=\"wpforms-required-label\" aria-hidden=\"true\">*<\/span><\/legend><div class=\"wpforms-field-row wpforms-field-large\"><div class=\"wpforms-field-row-block wpforms-first wpforms-one-half\"><input type=\"text\" id=\"wpforms-32-field_27\" class=\"wpforms-field-name-first wpforms-field-required\" name=\"wpforms[fields][27][first]\" aria-errormessage=\"wpforms-32-field_27-error\" required><label for=\"wpforms-32-field_27\" class=\"wpforms-field-sublabel after\">Emri i par\u00eb<\/label><\/div><div class=\"wpforms-field-row-block wpforms-one-half\"><input type=\"text\" id=\"wpforms-32-field_27-last\" class=\"wpforms-field-name-last wpforms-field-required\" name=\"wpforms[fields][27][last]\" aria-errormessage=\"wpforms-32-field_27-last-error\" required><label for=\"wpforms-32-field_27-last\" class=\"wpforms-field-sublabel after\">Nachname<\/label><\/div><\/div><\/fieldset><\/div><div id=\"wpforms-32-field_18-container\" class=\"wpforms-field wpforms-field-name wpforms-conditional-field wpforms-conditional-show\" data-field-id=\"18\" style=\"display:none;\"><fieldset><legend class=\"wpforms-field-label\">Zus\u00e4tzliche Personen* <span class=\"wpforms-required-label\" aria-hidden=\"true\">*<\/span><\/legend><div class=\"wpforms-field-row wpforms-field-large\"><div class=\"wpforms-field-row-block wpforms-first wpforms-one-half\"><input type=\"text\" id=\"wpforms-32-field_18\" class=\"wpforms-field-name-first wpforms-field-required\" name=\"wpforms[fields][18][first]\" aria-errormessage=\"wpforms-32-field_18-error\" required><label for=\"wpforms-32-field_18\" class=\"wpforms-field-sublabel after\">Emri i par\u00eb<\/label><\/div><div class=\"wpforms-field-row-block wpforms-one-half\"><input type=\"text\" id=\"wpforms-32-field_18-last\" class=\"wpforms-field-name-last wpforms-field-required\" name=\"wpforms[fields][18][last]\" aria-errormessage=\"wpforms-32-field_18-last-error\" required><label for=\"wpforms-32-field_18-last\" class=\"wpforms-field-sublabel after\">Nachname<\/label><\/div><\/div><\/fieldset><\/div><script>\n\t\t\t\t( function() {\n\t\t\t\t\tconst style = document.createElement( 'style' );\n\t\t\t\t\tstyle.appendChild( document.createTextNode( '#wpforms-32-field_1-container { position: absolute !important; overflow: hidden !important; display: inline !important; height: 1px !important; width: 1px !important; z-index: -1000 !important; padding: 0 !important; } #wpforms-32-field_1-container input { visibility: hidden; } #wpforms-conversational-form-page #wpforms-32-field_1-container label { counter-increment: none; }' ) );\n\t\t\t\t\tdocument.head.appendChild( style );\n\t\t\t\t\tdocument.currentScript?.remove();\n\t\t\t\t} )();\n\t\t\t<\/script><\/div><!-- .wpforms-field-container --><div class=\"wpforms-recaptcha-container wpforms-is-recaptcha wpforms-is-recaptcha-type-v3\" ><input type=\"hidden\" name=\"wpforms[recaptcha]\" value=\"\"><\/div><div class=\"wpforms-submit-container\" ><input type=\"hidden\" name=\"wpforms[id]\" value=\"32\"><input type=\"hidden\" name=\"page_title\" value=\"\"><input type=\"hidden\" name=\"page_url\" value=\"https:\/\/berfin-und-besmir.ch\/sq\/wp-json\/wp\/v2\/pages\/115\"><input type=\"hidden\" name=\"url_referer\" value=\"\"><button type=\"submit\" name=\"wpforms[submit]\" id=\"wpforms-submit-32\" class=\"wpforms-submit\" data-alt-text=\"Sending...\" data-submit-text=\"d\u00ebrgo\" aria-live=\"assertive\" value=\"wpforms-submit\">d\u00ebrgo<\/button><img decoding=\"async\" src=\"https:\/\/berfin-und-besmir.ch\/wp-content\/plugins\/wpforms\/assets\/images\/submit-spin.svg\" class=\"wpforms-submit-spinner\" style=\"display: none;\" width=\"26\" height=\"26\" alt=\"Loading\"><\/div><\/form><\/div>  <!-- .wpforms-container -->\t\t\t\t<\/div>\n\t\t\t\t<\/div>\n\t\t\t\t<\/div>\n\t\t\t\t\t<\/div>\n\t\t\t\t<\/div>\n\t\t\t\t<\/div>\n\t\t","protected":false},"excerpt":{"rendered":"<p>Berfin &amp; Besmir 06.06.2026 Po martohemi \u2013 dhe ti je i ftuar! Q\u00eb t\u00eb mund t\u00eb planifikojm\u00eb m\u00eb mir\u00eb, ju lutemi ta plot\u00ebsoni regjistrimin e m\u00ebposht\u00ebm deri m\u00eb 30.04.2026. Tage Stunden Bitte aktiviere JavaScript in deinem Browser, um dieses Formular fertigzustellen.Bitte aktiviere JavaScript in deinem Browser, um dieses Formular fertigzustellen. Name * VornameNachname Telefonnummer Weitere [&hellip;]<\/p>\n","protected":false},"author":1,"featured_media":114,"parent":0,"menu_order":0,"comment_status":"closed","ping_status":"closed","template":"","meta":{"footnotes":""},"class_list":["post-115","page","type-page","status-publish","has-post-thumbnail","hentry"],"aioseo_notices":[],"_links":{"self":[{"href":"https:\/\/berfin-und-besmir.ch\/sq\/wp-json\/wp\/v2\/pages\/115","targetHints":{"allow":["GET"]}}],"collection":[{"href":"https:\/\/berfin-und-besmir.ch\/sq\/wp-json\/wp\/v2\/pages"}],"about":[{"href":"https:\/\/berfin-und-besmir.ch\/sq\/wp-json\/wp\/v2\/types\/page"}],"author":[{"embeddable":true,"href":"https:\/\/berfin-und-besmir.ch\/sq\/wp-json\/wp\/v2\/users\/1"}],"replies":[{"embeddable":true,"href":"https:\/\/berfin-und-besmir.ch\/sq\/wp-json\/wp\/v2\/comments?post=115"}],"version-history":[{"count":6,"href":"https:\/\/berfin-und-besmir.ch\/sq\/wp-json\/wp\/v2\/pages\/115\/revisions"}],"predecessor-version":[{"id":156,"href":"https:\/\/berfin-und-besmir.ch\/sq\/wp-json\/wp\/v2\/pages\/115\/revisions\/156"}],"wp:featuredmedia":[{"embeddable":true,"href":"https:\/\/berfin-und-besmir.ch\/sq\/wp-json\/wp\/v2\/media\/114"}],"wp:attachment":[{"href":"https:\/\/berfin-und-besmir.ch\/sq\/wp-json\/wp\/v2\/media?parent=115"}],"curies":[{"name":"wp","href":"https:\/\/api.w.org\/{rel}","templated":true}]}}